{"id":44673,"date":"2023-11-25T00:46:24","date_gmt":"2023-11-25T00:46:24","guid":{"rendered":"https:\/\/greenschoolsgreenfuture.org\/?page_id=44673"},"modified":"2025-08-01T22:40:13","modified_gmt":"2025-08-01T22:40:13","slug":"nikole-full-bio","status":"publish","type":"page","link":"https:\/\/greenschoolsgreenfuture.org\/fr\/nikole-full-bio\/","title":{"rendered":"Nikole B\u00e9langer"},"content":{"rendered":"<div data-elementor-type=\"wp-page\" data-elementor-id=\"44673\" class=\"elementor elementor-44673\" data-elementor-post-type=\"page\">\n\t\t\t\t<div class=\"elementor-element elementor-element-6796496 e-flex e-con-boxed e-con e-parent\" data-id=\"6796496\" data-element_type=\"container\" data-e-type=\"container\">\n\t\t\t\t\t<div class=\"e-con-inner\">\n\t\t\t\t<div class=\"elementor-element elementor-element-1fb5704 elementor-widget elementor-widget-image\" data-id=\"1fb5704\" data-element_type=\"widget\" data-e-type=\"widget\" data-widget_type=\"image.default\">\n\t\t\t\t<div class=\"elementor-widget-container\">\n\t\t\t\t\t\t\t\t\t\t\t\t\t\t\t<img decoding=\"async\" data-src=\"https:\/\/greenschoolsgreenfuture.org\/wp-content\/uploads\/elementor\/thumbs\/nikole-belanger-cover-qj268liyfvvnaxfj6z731jlwdscyj20f33iod4v4e8.png\" title=\"nikole-belanger-cover\" alt=\"nikole-belanger-cover\" src=\"data:image\/svg+xml;base64,PHN2ZyB3aWR0aD0iMSIgaGVpZ2h0PSIxIiB4bWxucz0iaHR0cDovL3d3dy53My5vcmcvMjAwMC9zdmciPjwvc3ZnPg==\" class=\"lazyload\" style=\"--smush-placeholder-width: 1314px; --smush-placeholder-aspect-ratio: 1314\/400;\" \/>\t\t\t\t\t\t\t\t\t\t\t\t\t\t\t<\/div>\n\t\t\t\t<\/div>\n\t\t\t\t\t<\/div>\n\t\t\t\t<\/div>\n\t\t<div class=\"elementor-element elementor-element-1c466e0 e-con-full e-flex e-con e-parent\" data-id=\"1c466e0\" data-element_type=\"container\" data-e-type=\"container\">\n\t\t\t\t<div class=\"elementor-element elementor-element-59a9703 elementor-widget elementor-widget-text-editor\" data-id=\"59a9703\" data-element_type=\"widget\" data-e-type=\"widget\" data-widget_type=\"text-editor.default\">\n\t\t\t\t<div class=\"elementor-widget-container\">\n\t\t\t\t\t\t\t\t\t<p><span style=\"font-size: 18pt;\"><em><strong><span style=\"font-size: 24pt;\">Nikole B\u00e9langer<\/span><br \/><\/strong><\/em><\/span>CEO (Chief Environmental Officer)<\/p><p>Avec d'une exp\u00e9rience de plus de trente ans, Nikole B\u00e9langer est une professionnelle chevronn\u00e9e dans le domaine de la gestion et du d\u00e9veloppement d'entreprises dans divers secteurs d'activit\u00e9. Elle a notamment men\u00e9 \u00e0 bien des initiatives pionni\u00e8res dans les domaines de la mode, du transport et de la distribution d'\u00e9lectricit\u00e9, des t\u00e9l\u00e9communications et des organisations \u00e0 but non lucratif.<\/p><p>Une visionnaire et soucieuse du d\u00e9tail, Nikole a toujours \u00e9tabli des liens entre les personnes et les id\u00e9es, ce qui fait d'elle une force dynamique dans le monde des affaires.<\/p><p>La passion de Nikole pour la durabilit\u00e9 environnementale et l'activisme en mati\u00e8re de changement climatique est \u00e9vidente dans son travail approfondi en tant qu'\u00e9cologiste d\u00e9vou\u00e9e. Dot\u00e9e d'une connaissance approfondie des technologies environnementales et de capacit\u00e9s exceptionnelles de mise en r\u00e9seau, elle donne la priorit\u00e9 \u00e0 un mode de vie \u00e9cologique dans sa qu\u00eate d'un avenir durable.<\/p><p>Son illustre carri\u00e8re englobe des r\u00f4les cl\u00e9s, notamment six ans dans la soci\u00e9t\u00e9 de conseil en t\u00e9l\u00e9communications \"Can We Talk Ltd.\", sept ans en tant que copropri\u00e9taire et vice-pr\u00e9sidente du marketing et des ventes internationales chez Implo Technologies, et une d\u00e9cennie en tant que propri\u00e9taire et pr\u00e9sidente de Nikobelli Inc. des boutiques haut de gamme et sa ligne de produits cosm\u00e9tiques avec des consultations personnalis\u00e9es pour les femmes professionnelles et les femmes d'affaires.<\/p><p>Originaire de Montr\u00e9al, l'esprit d'entreprise de Nikole s'est manifest\u00e9 tr\u00e8s t\u00f4t dans sa vie lorsqu'elle a commenc\u00e9 \u00e0 couper les cheveux chez elle, avant de poursuivre une carri\u00e8re fructueuse comme mod\u00e8le. Elle est titulaire d'un baccalaur\u00e9at en arts de l'Universit\u00e9 McGill et d'un dipl\u00f4me en design de mode et haute couture de l'Universit\u00e9 de Montr\u00e9al. L'engagement de Nikole \u00e0 l'\u00e9gard des causes environnementales remonte \u00e0 son enfance marqu\u00e9e par des probl\u00e8mes de sant\u00e9 aigus, qui l'ont amen\u00e9e \u00e0 vivre une exp\u00e9rience transformatrice \u00e0 la ferme de son oncle et de sa tante. Cette p\u00e9riode formatrice lui a inculqu\u00e9 une profonde appr\u00e9ciation de la vie sur la terre et a aliment\u00e9 son d\u00e9vouement \u00e0 la sensibilisation \u00e0 l'environnement tout au long de sa vie.<\/p><p>En t\u00e9moignage de son engagement, Nikole a fond\u00e9 le r\u00e9seau interpersonnel WIN-World et la fondation Women International Network, qui a \u00e9volu\u00e9 pour devenir WIN GREEN Online en 2017. Cette organisation \u00e0 but non lucratif collabore avec des leaders de l'industrie et des individus pour \u00e9largir les perspectives sociales, spirituelles et environnementales, en mettant l'accent sur l'importance d'apprendre, de grandir et de penser vert.<\/p><p><img fetchpriority=\"high\" decoding=\"async\" class=\"wp-image-46878 size-full alignleft\" src=\"https:\/\/greenschoolsgreenfuture.org\/wp-content\/uploads\/2024\/07\/nik.jpg\" alt=\"\" width=\"450\" height=\"400\" srcset=\"https:\/\/greenschoolsgreenfuture.org\/wp-content\/uploads\/2024\/07\/nik.jpg 450w, https:\/\/greenschoolsgreenfuture.org\/wp-content\/uploads\/2024\/07\/nik-300x267.jpg 300w, https:\/\/greenschoolsgreenfuture.org\/wp-content\/uploads\/2024\/07\/nik-14x12.jpg 14w\" sizes=\"(max-width: 450px) 100vw, 450px\" \/><\/p><p>Les contributions marquantes de Nikole vont au-del\u00e0 de la d\u00e9fense des int\u00e9r\u00eats des entreprises et de l'environnement. En 2008, elle a \u00e9t\u00e9 choisie comme pr\u00e9sentatrice officielle du Climate Reality Project-Canada, form\u00e9 par le laur\u00e9at du prix Nobel, M. Al Gore. Nikole a re\u00e7u le prix de la personnalit\u00e9 de l'ann\u00e9e d\u00e9cern\u00e9 par l'Organisation mondiale de la m\u00e9decine naturelle et l'University of Humanitarian Registry and Accolade Committee pour ses efforts de sensibilisation \u00e0 l'environnement.<\/p><p>Reconnue par le Cambridge Who's Who, Nikole se distingue en tant que leader d\u00e9vou\u00e9e dans le domaine du conseil environnemental, faisant preuve d'excellence dans la cr\u00e9ation d'opportunit\u00e9s et d'alliances qui s'alignent \u00e0 la fois sur les sensibilit\u00e9s \u00e9conomiques et environnementales. Elle a \u00e9t\u00e9 nomm\u00e9e membre VIP du Cambridge Who's Who pendant quatre ann\u00e9es cons\u00e9cutives (2011-2014). En outre, Nikole est membre de l'International Women's Leadership Association (IWLA).<\/p><p><strong>Green Schools Green Future<\/strong> est un projet \u00e0 but non lucratif fond\u00e9 par Nikole. <strong>Elle a une vision de l'\u00e9ducation verte<\/strong>, et elle vise \u00e0 accomplir sa mission en construisant des \u00e9coles durables utilisant des technologies vertes et des mat\u00e9riaux renouvelables avec une \u00e9ducation progressive et innovante en utilisant les derni\u00e8res technologies et applications ; quelques exemples comme la ferme verticale, l'aquaponie, le toit vert, l'\u00e9nergie solaire, le codage, la blockchain, l'intelligence artificielle et le syst\u00e8me financier quantique.<\/p><p>Selon les propres termes de Nikole, \"nous vivons actuellement une p\u00e9riode de transformation en ce qui concerne notre \u00e9conomie, notre environnement, nous reconnaissons le besoin d'unit\u00e9, et notre vision est de cr\u00e9er des alliances qui n'ont pas seulement un impact les unes sur les autres, mais aussi sur l'avenir de notre plan\u00e8te et des g\u00e9n\u00e9rations futures\". Ses efforts inlassables et ses r\u00e9alisations font d'elle une pionni\u00e8re dans la recherche d'une communaut\u00e9 mondiale durable et interconnect\u00e9e.<\/p><p><strong>Soyez le changement que vous voulez voir dans le monde.<\/strong><\/p><p><img decoding=\"async\" class=\"alignnone size-medium wp-image-45068 lazyload\" data-src=\"https:\/\/greenschoolsgreenfuture.org\/wp-content\/uploads\/2024\/01\/green-regards-300x64.png\" alt=\"\" width=\"300\" height=\"64\" data-srcset=\"https:\/\/greenschoolsgreenfuture.org\/wp-content\/uploads\/2024\/01\/green-regards-300x64.png 300w, https:\/\/greenschoolsgreenfuture.org\/wp-content\/uploads\/2024\/01\/green-regards-1024x219.png 1024w, https:\/\/greenschoolsgreenfuture.org\/wp-content\/uploads\/2024\/01\/green-regards-768x164.png 768w, https:\/\/greenschoolsgreenfuture.org\/wp-content\/uploads\/2024\/01\/green-regards-18x4.png 18w, https:\/\/greenschoolsgreenfuture.org\/wp-content\/uploads\/2024\/01\/green-regards.png 1105w\" data-sizes=\"(max-width: 300px) 100vw, 300px\" src=\"data:image\/svg+xml;base64,PHN2ZyB3aWR0aD0iMSIgaGVpZ2h0PSIxIiB4bWxucz0iaHR0cDovL3d3dy53My5vcmcvMjAwMC9zdmciPjwvc3ZnPg==\" style=\"--smush-placeholder-width: 300px; --smush-placeholder-aspect-ratio: 300\/64;\" \/><br \/><strong>Nikole B\u00e9langer<\/strong> - Fondateur\/chef de la direction (chef de l'environnement)<\/p><p>\u00a0<\/p><table style=\"height: 194px; width: 100%; border-collapse: collapse; border-style: none; margin-top: -30px;\"><tbody><tr style=\"border-style: none;\"><td style=\"width: 50%; height: 146px;\"><img decoding=\"async\" class=\"aligncenter wp-image-45070 lazyload\" data-src=\"https:\/\/greenschoolsgreenfuture.org\/wp-content\/uploads\/2024\/01\/green-schools-green-future-logo-300x146.png\" alt=\"\" width=\"240\" height=\"117\" data-srcset=\"https:\/\/greenschoolsgreenfuture.org\/wp-content\/uploads\/2024\/01\/green-schools-green-future-logo-300x146.png 300w, https:\/\/greenschoolsgreenfuture.org\/wp-content\/uploads\/2024\/01\/green-schools-green-future-logo-18x9.png 18w, https:\/\/greenschoolsgreenfuture.org\/wp-content\/uploads\/2024\/01\/green-schools-green-future-logo.png 342w\" data-sizes=\"(max-width: 240px) 100vw, 240px\" src=\"data:image\/svg+xml;base64,PHN2ZyB3aWR0aD0iMSIgaGVpZ2h0PSIxIiB4bWxucz0iaHR0cDovL3d3dy53My5vcmcvMjAwMC9zdmciPjwvc3ZnPg==\" style=\"--smush-placeholder-width: 240px; --smush-placeholder-aspect-ratio: 240\/117;\" \/><a href=\"https:\/\/greenschoolsgreenfuture.org\/fr\/\"><em>www.greenschoolsgreenfuture.org<\/em><\/a><br \/><a href=\"mailto:info@greenschoolsgreenfuture.org\"><em>info@greenschoolsgreenfuture.org<\/em><\/a><\/td><td style=\"width: 50%; height: 146px;\"><img decoding=\"async\" class=\"aligncenter wp-image-45071 lazyload\" data-src=\"https:\/\/greenschoolsgreenfuture.org\/wp-content\/uploads\/2024\/01\/nikobel-logo-300x132.png\" alt=\"\" width=\"241\" height=\"106\" data-srcset=\"https:\/\/greenschoolsgreenfuture.org\/wp-content\/uploads\/2024\/01\/nikobel-logo-300x132.png 300w, https:\/\/greenschoolsgreenfuture.org\/wp-content\/uploads\/2024\/01\/nikobel-logo-18x8.png 18w, https:\/\/greenschoolsgreenfuture.org\/wp-content\/uploads\/2024\/01\/nikobel-logo.png 342w\" data-sizes=\"(max-width: 241px) 100vw, 241px\" src=\"data:image\/svg+xml;base64,PHN2ZyB3aWR0aD0iMSIgaGVpZ2h0PSIxIiB4bWxucz0iaHR0cDovL3d3dy53My5vcmcvMjAwMC9zdmciPjwvc3ZnPg==\" style=\"--smush-placeholder-width: 241px; --smush-placeholder-aspect-ratio: 241\/106;\" \/><a href=\"http:\/\/www.nikobel.solutions\"><em>www.nikobel.solutions<\/em><\/a><br \/><a href=\"mailto:info@nikobel.solutions\"><em>info@nikobel.solutions<\/em><\/a><\/td><\/tr><\/tbody><\/table><p class=\"yiv2146332216MsoNormal\" style=\"margin: 0cm; font-size: 11pt; font-family: Calibri, sans-serif; color: #1d2228; text-align: left; background-color: #ffffff; outline-style: none !important; outline-width: initial !important;\">\u00a0<\/p>\t\t\t\t\t\t\t\t<\/div>\n\t\t\t\t<\/div>\n\t\t\t\t<\/div>\n\t\t<div class=\"elementor-element elementor-element-304db5a e-flex e-con-boxed e-con e-parent\" data-id=\"304db5a\" data-element_type=\"container\" data-e-type=\"container\">\n\t\t\t\t\t<div class=\"e-con-inner\">\n\t\t\t\t\t<\/div>\n\t\t\t\t<\/div>\n\t\t\t\t<\/div>","protected":false},"excerpt":{"rendered":"<p>Nikole B\u00e9langerCEO (Chief Environmental Officer) With a wealth of experience spanning over three decades, Nikole B\u00e9langer stands as a seasoned professional in the realms of business management and development across diverse industries. Her successful track record includes pioneering initiatives in fashion, power transmission and distribution, telecommunications, and not-for-profit organizations. As a visionary with meticulous attention [&hellip;]<\/p>\n","protected":false},"author":1,"featured_media":0,"parent":0,"menu_order":0,"comment_status":"closed","ping_status":"closed","template":"elementor_header_footer","meta":{"_acf_changed":false,"give_campaign_id":0,"footnotes":""},"class_list":["post-44673","page","type-page","status-publish","hentry"],"acf":[],"yoast_head":"<!-- This site is optimized with the Yoast SEO plugin v27.5 - https:\/\/yoast.com\/product\/yoast-seo-wordpress\/ -->\n<title>Nikole B\u00e9langer - Green Schools Green Future<\/title>\n<meta name=\"description\" content=\"Nikole B\u00e9langer - Green Schools Green Future\" \/>\n<meta name=\"robots\" content=\"index, follow, max-snippet:-1, max-image-preview:large, max-video-preview:-1\" \/>\n<link rel=\"canonical\" href=\"https:\/\/greenschoolsgreenfuture.org\/fr\/nikole-full-bio\/\" \/>\n<meta property=\"og:locale\" content=\"fr_CA\" \/>\n<meta property=\"og:type\" content=\"article\" \/>\n<meta property=\"og:title\" content=\"Nikole B\u00e9langer - Green Schools Green Future\" \/>\n<meta property=\"og:description\" content=\"Nikole B\u00e9langer - Green Schools Green Future\" \/>\n<meta property=\"og:url\" content=\"https:\/\/greenschoolsgreenfuture.org\/fr\/nikole-full-bio\/\" \/>\n<meta property=\"og:site_name\" content=\"Green Schools Green Future\" \/>\n<meta property=\"article:publisher\" content=\"https:\/\/www.facebook.com\/greenschoolsgreenfutureGSGF\/\" \/>\n<meta property=\"article:modified_time\" content=\"2025-08-01T22:40:13+00:00\" \/>\n<meta property=\"og:image\" content=\"https:\/\/greenschoolsgreenfuture.org\/wp-content\/uploads\/elementor\/thumbs\/nikole-belanger-cover-qj268liyfvvnaxfj6z731jlwdscyj20f33iod4v4e8.png\" \/>\n<meta name=\"twitter:card\" content=\"summary_large_image\" \/>\n<meta name=\"twitter:site\" content=\"@GSGFprojects\" \/>\n<meta name=\"twitter:label1\" content=\"Estimation du temps de lecture\" \/>\n\t<meta name=\"twitter:data1\" content=\"4 minutes\" \/>\n<script type=\"application\/ld+json\" class=\"yoast-schema-graph\">{\"@context\":\"https:\\\/\\\/schema.org\",\"@graph\":[{\"@type\":\"WebPage\",\"@id\":\"https:\\\/\\\/greenschoolsgreenfuture.org\\\/nikole-full-bio\\\/\",\"url\":\"https:\\\/\\\/greenschoolsgreenfuture.org\\\/nikole-full-bio\\\/\",\"name\":\"Nikole B\u00e9langer - Green Schools Green Future\",\"isPartOf\":{\"@id\":\"https:\\\/\\\/greenschoolsgreenfuture.org\\\/#website\"},\"primaryImageOfPage\":{\"@id\":\"https:\\\/\\\/greenschoolsgreenfuture.org\\\/nikole-full-bio\\\/#primaryimage\"},\"image\":{\"@id\":\"https:\\\/\\\/greenschoolsgreenfuture.org\\\/nikole-full-bio\\\/#primaryimage\"},\"thumbnailUrl\":\"https:\\\/\\\/greenschoolsgreenfuture.org\\\/wp-content\\\/uploads\\\/elementor\\\/thumbs\\\/nikole-belanger-cover-qj268liyfvvnaxfj6z731jlwdscyj20f33iod4v4e8.png\",\"datePublished\":\"2023-11-25T00:46:24+00:00\",\"dateModified\":\"2025-08-01T22:40:13+00:00\",\"description\":\"Nikole B\u00e9langer - Green Schools Green Future\",\"breadcrumb\":{\"@id\":\"https:\\\/\\\/greenschoolsgreenfuture.org\\\/nikole-full-bio\\\/#breadcrumb\"},\"inLanguage\":\"fr-CA\",\"potentialAction\":[{\"@type\":\"ReadAction\",\"target\":[\"https:\\\/\\\/greenschoolsgreenfuture.org\\\/nikole-full-bio\\\/\"]}]},{\"@type\":\"ImageObject\",\"inLanguage\":\"fr-CA\",\"@id\":\"https:\\\/\\\/greenschoolsgreenfuture.org\\\/nikole-full-bio\\\/#primaryimage\",\"url\":\"https:\\\/\\\/greenschoolsgreenfuture.org\\\/wp-content\\\/uploads\\\/elementor\\\/thumbs\\\/nikole-belanger-cover-qj268liyfvvnaxfj6z731jlwdscyj20f33iod4v4e8.png\",\"contentUrl\":\"https:\\\/\\\/greenschoolsgreenfuture.org\\\/wp-content\\\/uploads\\\/elementor\\\/thumbs\\\/nikole-belanger-cover-qj268liyfvvnaxfj6z731jlwdscyj20f33iod4v4e8.png\"},{\"@type\":\"BreadcrumbList\",\"@id\":\"https:\\\/\\\/greenschoolsgreenfuture.org\\\/nikole-full-bio\\\/#breadcrumb\",\"itemListElement\":[{\"@type\":\"ListItem\",\"position\":1,\"name\":\"Home\",\"item\":\"https:\\\/\\\/greenschoolsgreenfuture.org\\\/\"},{\"@type\":\"ListItem\",\"position\":2,\"name\":\"Nikole B\u00e9langer\"}]},{\"@type\":\"WebSite\",\"@id\":\"https:\\\/\\\/greenschoolsgreenfuture.org\\\/#website\",\"url\":\"https:\\\/\\\/greenschoolsgreenfuture.org\\\/\",\"name\":\"Green Schools Green Future\",\"description\":\"Learn. Grow. Green.\",\"publisher\":{\"@id\":\"https:\\\/\\\/greenschoolsgreenfuture.org\\\/#organization\"},\"potentialAction\":[{\"@type\":\"SearchAction\",\"target\":{\"@type\":\"EntryPoint\",\"urlTemplate\":\"https:\\\/\\\/greenschoolsgreenfuture.org\\\/?s={search_term_string}\"},\"query-input\":{\"@type\":\"PropertyValueSpecification\",\"valueRequired\":true,\"valueName\":\"search_term_string\"}}],\"inLanguage\":\"fr-CA\"},{\"@type\":\"Organization\",\"@id\":\"https:\\\/\\\/greenschoolsgreenfuture.org\\\/#organization\",\"name\":\"Green Schools Green Future\",\"url\":\"https:\\\/\\\/greenschoolsgreenfuture.org\\\/\",\"logo\":{\"@type\":\"ImageObject\",\"inLanguage\":\"fr-CA\",\"@id\":\"https:\\\/\\\/greenschoolsgreenfuture.org\\\/#\\\/schema\\\/logo\\\/image\\\/\",\"url\":\"https:\\\/\\\/greenschoolsgreenfuture.org\\\/wp-content\\\/uploads\\\/2022\\\/09\\\/gsgf-transparent-04.png\",\"contentUrl\":\"https:\\\/\\\/greenschoolsgreenfuture.org\\\/wp-content\\\/uploads\\\/2022\\\/09\\\/gsgf-transparent-04.png\",\"width\":332,\"height\":163,\"caption\":\"Green Schools Green Future\"},\"image\":{\"@id\":\"https:\\\/\\\/greenschoolsgreenfuture.org\\\/#\\\/schema\\\/logo\\\/image\\\/\"},\"sameAs\":[\"https:\\\/\\\/www.facebook.com\\\/greenschoolsgreenfutureGSGF\\\/\",\"https:\\\/\\\/x.com\\\/GSGFprojects\",\"https:\\\/\\\/www.instagram.com\\\/greenschoolsgreenfuture\\\/\",\"https:\\\/\\\/www.linkedin.com\\\/company-beta\\\/18289799\\\/admin\\\/overview\\\/\",\"https:\\\/\\\/www.youtube.com\\\/channel\\\/UCtWxyZBx3oh5L6XWAODqp1Q\"]}]}<\/script>\n<!-- \/ Yoast SEO plugin. -->","yoast_head_json":{"title":"Nikole B\u00e9langer - Green Schools Green Future","description":"Nikole B\u00e9langer - Green Schools Green Future","robots":{"index":"index","follow":"follow","max-snippet":"max-snippet:-1","max-image-preview":"max-image-preview:large","max-video-preview":"max-video-preview:-1"},"canonical":"https:\/\/greenschoolsgreenfuture.org\/fr\/nikole-full-bio\/","og_locale":"fr_CA","og_type":"article","og_title":"Nikole B\u00e9langer - Green Schools Green Future","og_description":"Nikole B\u00e9langer - Green Schools Green Future","og_url":"https:\/\/greenschoolsgreenfuture.org\/fr\/nikole-full-bio\/","og_site_name":"Green Schools Green Future","article_publisher":"https:\/\/www.facebook.com\/greenschoolsgreenfutureGSGF\/","article_modified_time":"2025-08-01T22:40:13+00:00","og_image":[{"url":"https:\/\/greenschoolsgreenfuture.org\/wp-content\/uploads\/elementor\/thumbs\/nikole-belanger-cover-qj268liyfvvnaxfj6z731jlwdscyj20f33iod4v4e8.png","type":"","width":"","height":""}],"twitter_card":"summary_large_image","twitter_site":"@GSGFprojects","twitter_misc":{"Estimation du temps de lecture":"4 minutes"},"schema":{"@context":"https:\/\/schema.org","@graph":[{"@type":"WebPage","@id":"https:\/\/greenschoolsgreenfuture.org\/nikole-full-bio\/","url":"https:\/\/greenschoolsgreenfuture.org\/nikole-full-bio\/","name":"Nikole B\u00e9langer - Green Schools Green Future","isPartOf":{"@id":"https:\/\/greenschoolsgreenfuture.org\/#website"},"primaryImageOfPage":{"@id":"https:\/\/greenschoolsgreenfuture.org\/nikole-full-bio\/#primaryimage"},"image":{"@id":"https:\/\/greenschoolsgreenfuture.org\/nikole-full-bio\/#primaryimage"},"thumbnailUrl":"https:\/\/greenschoolsgreenfuture.org\/wp-content\/uploads\/elementor\/thumbs\/nikole-belanger-cover-qj268liyfvvnaxfj6z731jlwdscyj20f33iod4v4e8.png","datePublished":"2023-11-25T00:46:24+00:00","dateModified":"2025-08-01T22:40:13+00:00","description":"Nikole B\u00e9langer - Green Schools Green Future","breadcrumb":{"@id":"https:\/\/greenschoolsgreenfuture.org\/nikole-full-bio\/#breadcrumb"},"inLanguage":"fr-CA","potentialAction":[{"@type":"ReadAction","target":["https:\/\/greenschoolsgreenfuture.org\/nikole-full-bio\/"]}]},{"@type":"ImageObject","inLanguage":"fr-CA","@id":"https:\/\/greenschoolsgreenfuture.org\/nikole-full-bio\/#primaryimage","url":"https:\/\/greenschoolsgreenfuture.org\/wp-content\/uploads\/elementor\/thumbs\/nikole-belanger-cover-qj268liyfvvnaxfj6z731jlwdscyj20f33iod4v4e8.png","contentUrl":"https:\/\/greenschoolsgreenfuture.org\/wp-content\/uploads\/elementor\/thumbs\/nikole-belanger-cover-qj268liyfvvnaxfj6z731jlwdscyj20f33iod4v4e8.png"},{"@type":"BreadcrumbList","@id":"https:\/\/greenschoolsgreenfuture.org\/nikole-full-bio\/#breadcrumb","itemListElement":[{"@type":"ListItem","position":1,"name":"Home","item":"https:\/\/greenschoolsgreenfuture.org\/"},{"@type":"ListItem","position":2,"name":"Nikole B\u00e9langer"}]},{"@type":"WebSite","@id":"https:\/\/greenschoolsgreenfuture.org\/#website","url":"https:\/\/greenschoolsgreenfuture.org\/","name":"Green Schools Green Future","description":"Learn. Grow. Green.","publisher":{"@id":"https:\/\/greenschoolsgreenfuture.org\/#organization"},"potentialAction":[{"@type":"SearchAction","target":{"@type":"EntryPoint","urlTemplate":"https:\/\/greenschoolsgreenfuture.org\/?s={search_term_string}"},"query-input":{"@type":"PropertyValueSpecification","valueRequired":true,"valueName":"search_term_string"}}],"inLanguage":"fr-CA"},{"@type":"Organization","@id":"https:\/\/greenschoolsgreenfuture.org\/#organization","name":"Green Schools Green Future","url":"https:\/\/greenschoolsgreenfuture.org\/","logo":{"@type":"ImageObject","inLanguage":"fr-CA","@id":"https:\/\/greenschoolsgreenfuture.org\/#\/schema\/logo\/image\/","url":"https:\/\/greenschoolsgreenfuture.org\/wp-content\/uploads\/2022\/09\/gsgf-transparent-04.png","contentUrl":"https:\/\/greenschoolsgreenfuture.org\/wp-content\/uploads\/2022\/09\/gsgf-transparent-04.png","width":332,"height":163,"caption":"Green Schools Green Future"},"image":{"@id":"https:\/\/greenschoolsgreenfuture.org\/#\/schema\/logo\/image\/"},"sameAs":["https:\/\/www.facebook.com\/greenschoolsgreenfutureGSGF\/","https:\/\/x.com\/GSGFprojects","https:\/\/www.instagram.com\/greenschoolsgreenfuture\/","https:\/\/www.linkedin.com\/company-beta\/18289799\/admin\/overview\/","https:\/\/www.youtube.com\/channel\/UCtWxyZBx3oh5L6XWAODqp1Q"]}]}},"campaignId":"","_links":{"self":[{"href":"https:\/\/greenschoolsgreenfuture.org\/fr\/wp-json\/wp\/v2\/pages\/44673","targetHints":{"allow":["GET"]}}],"collection":[{"href":"https:\/\/greenschoolsgreenfuture.org\/fr\/wp-json\/wp\/v2\/pages"}],"about":[{"href":"https:\/\/greenschoolsgreenfuture.org\/fr\/wp-json\/wp\/v2\/types\/page"}],"author":[{"embeddable":true,"href":"https:\/\/greenschoolsgreenfuture.org\/fr\/wp-json\/wp\/v2\/users\/1"}],"replies":[{"embeddable":true,"href":"https:\/\/greenschoolsgreenfuture.org\/fr\/wp-json\/wp\/v2\/comments?post=44673"}],"version-history":[{"count":3,"href":"https:\/\/greenschoolsgreenfuture.org\/fr\/wp-json\/wp\/v2\/pages\/44673\/revisions"}],"predecessor-version":[{"id":56518,"href":"https:\/\/greenschoolsgreenfuture.org\/fr\/wp-json\/wp\/v2\/pages\/44673\/revisions\/56518"}],"wp:attachment":[{"href":"https:\/\/greenschoolsgreenfuture.org\/fr\/wp-json\/wp\/v2\/media?parent=44673"}],"curies":[{"name":"wp","href":"https:\/\/api.w.org\/{rel}","templated":true}]}}